{"id":34,"date":"2011-07-10T21:47:44","date_gmt":"2011-07-10T21:47:44","guid":{"rendered":"https:\/\/www.eltonleniz.cl\/?page_id=34"},"modified":"2026-01-13T19:34:53","modified_gmt":"2026-01-13T19:34:53","slug":"oficina","status":"publish","type":"page","link":"https:\/\/www.eltonleniz.cl\/en\/office-2\/","title":{"rendered":"Office"},"content":{"rendered":"<p><\/p>\n\n\n\n<p>&nbsp;<\/p>\n\n\n\n<p>Since 1993, the <span style=\"color: #222222; font-family: arial;\">elton_l\u00e9niz<\/span> office has carried out a wide spectrum of requests independently, along with a varied list of associated collaborators in which there are included artists, architects and designers. This diversity and versatility in the designing capacity on different levels and topics has been developed as one of the main features of this office.<\/p>\n\n\n\n<p>&nbsp;<\/p>\n\n\n\n<p>Within the projects developed there are objects and furniture, mounting of exhibitions, commercial spaces, interior design, single-family and collective dwellings, art galleries, offices and residence buildings, urban development, educational spaces and more.<\/p>\n\n\n\n<p>&nbsp;<\/p>\n\n\n\n<p>The partners are architects Mirene Elton and Mauricio L\u00e9niz. They have carried out numerous presentations and conferences at the Universidad Cat\u00f3lica de Chile, Universidad Federico Santa Mar\u00eda, Universidad del Desarrollo, Universidad Diego Portales, London University, XV Architecture Biennal in Santiago de Chile, among others.<\/p>\n\n\n\n<p>&nbsp;<\/p>\n\n\n\n<p>A constant collaborator in the <span style=\"color: #222222; font-family: arial;\">elton_l\u00e9niz<\/span> office is photographer Natalia Vial. A considerable part of the photographic record of the office work is of her own.<\/p>","protected":false},"excerpt":{"rendered":"<p>&nbsp; Since 1993, the elton_l\u00e9niz office has carried out a wide spectrum of requests independently, along with a varied list of associated collaborators in which there are included artists, architects and designers. This diversity and versatility in the designing capacity on different levels and topics has been developed as one of the main features of [&hellip;]<\/p>\n","protected":false},"author":1,"featured_media":0,"parent":0,"menu_order":1,"comment_status":"open","ping_status":"closed","template":"oficina.php","meta":{"footnotes":""},"class_list":["post-34","page","type-page","status-publish","hentry"],"_links":{"self":[{"href":"https:\/\/www.eltonleniz.cl\/en\/wp-json\/wp\/v2\/pages\/34","targetHints":{"allow":["GET"]}}],"collection":[{"href":"https:\/\/www.eltonleniz.cl\/en\/wp-json\/wp\/v2\/pages"}],"about":[{"href":"https:\/\/www.eltonleniz.cl\/en\/wp-json\/wp\/v2\/types\/page"}],"author":[{"embeddable":true,"href":"https:\/\/www.eltonleniz.cl\/en\/wp-json\/wp\/v2\/users\/1"}],"replies":[{"embeddable":true,"href":"https:\/\/www.eltonleniz.cl\/en\/wp-json\/wp\/v2\/comments?post=34"}],"version-history":[{"count":21,"href":"https:\/\/www.eltonleniz.cl\/en\/wp-json\/wp\/v2\/pages\/34\/revisions"}],"predecessor-version":[{"id":15179,"href":"https:\/\/www.eltonleniz.cl\/en\/wp-json\/wp\/v2\/pages\/34\/revisions\/15179"}],"wp:attachment":[{"href":"https:\/\/www.eltonleniz.cl\/en\/wp-json\/wp\/v2\/media?parent=34"}],"curies":[{"name":"wp","href":"https:\/\/api.w.org\/{rel}","templated":true}]}}